{"id":3787,"date":"2023-05-15T15:35:14","date_gmt":"2023-05-15T13:35:14","guid":{"rendered":"https:\/\/www.laforgederohane.fr\/?page_id=3787"},"modified":"2023-09-01T09:41:15","modified_gmt":"2023-09-01T07:41:15","slug":"legal-notice-2","status":"publish","type":"page","link":"https:\/\/www.laforgederohane.fr\/en\/legal-notice-2\/","title":{"rendered":"Legal Notice"},"content":{"rendered":"\t\t<div data-elementor-type=\"wp-page\" data-elementor-id=\"3787\" class=\"elementor elementor-3787 elementor-36\" data-elementor-post-type=\"page\">\n\t\t\t\t<div class=\"elementor-element elementor-element-f56681d e-con-full e-flex e-con e-parent\" data-id=\"f56681d\" data-element_type=\"container\" data-e-type=\"container\">\n\t\t\t\t<div class=\"elementor-element elementor-element-886269b elementor-widget elementor-widget-image\" data-id=\"886269b\" data-element_type=\"widget\" data-e-type=\"widget\" data-widget_type=\"image.default\">\n\t\t\t\t<div class=\"elementor-widget-container\">\n\t\t\t\t\t\t\t\t\t\t\t\t\t\t\t<img fetchpriority=\"high\" decoding=\"async\" width=\"1920\" height=\"655\" src=\"https:\/\/www.laforgederohane.fr\/wp-content\/uploads\/2023\/05\/banniere-realisation.png\" class=\"attachment-full size-full wp-image-641\" alt=\"r\u00e9alisation en metal\" srcset=\"https:\/\/www.laforgederohane.fr\/wp-content\/uploads\/2023\/05\/banniere-realisation.png 1920w, https:\/\/www.laforgederohane.fr\/wp-content\/uploads\/2023\/05\/banniere-realisation-300x102.png 300w, https:\/\/www.laforgederohane.fr\/wp-content\/uploads\/2023\/05\/banniere-realisation-1024x349.png 1024w, https:\/\/www.laforgederohane.fr\/wp-content\/uploads\/2023\/05\/banniere-realisation-768x262.png 768w, https:\/\/www.laforgederohane.fr\/wp-content\/uploads\/2023\/05\/banniere-realisation-1536x524.png 1536w\" sizes=\"(max-width: 1920px) 100vw, 1920px\" \/>\t\t\t\t\t\t\t\t\t\t\t\t\t\t\t<\/div>\n\t\t\t\t<\/div>\n\t\t\t\t<\/div>\n\t\t<div class=\"elementor-element elementor-element-875cb39 e-con-full e-flex e-con e-parent\" data-id=\"875cb39\" data-element_type=\"container\" data-e-type=\"container\">\n\t\t\t\t<div class=\"elementor-element elementor-element-4a74a81 elementor-widget elementor-widget-image\" data-id=\"4a74a81\" data-element_type=\"widget\" data-e-type=\"widget\" data-widget_type=\"image.default\">\n\t\t\t\t<div class=\"elementor-widget-container\">\n\t\t\t\t\t\t\t\t\t\t\t\t\t\t\t<img decoding=\"async\" width=\"131\" height=\"25\" src=\"https:\/\/www.laforgederohane.fr\/wp-content\/uploads\/2023\/05\/logo.png\" class=\"attachment-large size-large wp-image-572\" alt=\"logo nouvelles r\u00e9alisations\" \/>\t\t\t\t\t\t\t\t\t\t\t\t\t\t\t<\/div>\n\t\t\t\t<\/div>\n\t\t<div class=\"elementor-element elementor-element-8c73ae8 e-con-full e-flex e-con e-parent\" data-id=\"8c73ae8\" data-element_type=\"container\" data-e-type=\"container\">\n\t\t<div class=\"elementor-element elementor-element-83f5848 e-con-full e-flex e-con e-parent\" data-id=\"83f5848\" data-element_type=\"container\" data-e-type=\"container\">\n\t\t\t\t<div class=\"elementor-element elementor-element-bcf8956 elementor-widget__width-initial elementor-widget-tablet__width-initial elementor-widget-divider--view-line elementor-widget elementor-widget-divider\" data-id=\"bcf8956\" data-element_type=\"widget\" data-e-type=\"widget\" data-widget_type=\"divider.default\">\n\t\t\t\t<div class=\"elementor-widget-container\">\n\t\t\t\t\t\t\t<div class=\"elementor-divider\">\n\t\t\t<span class=\"elementor-divider-separator\">\n\t\t\t\t\t\t<\/span>\n\t\t<\/div>\n\t\t\t\t\t\t<\/div>\n\t\t\t\t<\/div>\n\t\t\t\t<div class=\"elementor-element elementor-element-0098147 elementor-widget__width-initial elementor-widget-tablet__width-initial elementor-widget elementor-widget-heading\" data-id=\"0098147\" data-element_type=\"widget\" data-e-type=\"widget\" data-widget_type=\"heading.default\">\n\t\t\t\t<div class=\"elementor-widget-container\">\n\t\t\t\t\t<h2 class=\"elementor-heading-title elementor-size-default\">Legal Notice<\/h2>\t\t\t\t<\/div>\n\t\t\t\t<\/div>\n\t\t\t\t<div class=\"elementor-element elementor-element-0760357 elementor-widget__width-initial elementor-widget-tablet__width-initial elementor-widget-mobile__width-initial elementor-widget-divider--view-line elementor-widget elementor-widget-divider\" data-id=\"0760357\" data-element_type=\"widget\" data-e-type=\"widget\" data-widget_type=\"divider.default\">\n\t\t\t\t<div class=\"elementor-widget-container\">\n\t\t\t\t\t\t\t<div class=\"elementor-divider\">\n\t\t\t<span class=\"elementor-divider-separator\">\n\t\t\t\t\t\t<\/span>\n\t\t<\/div>\n\t\t\t\t\t\t<\/div>\n\t\t\t\t<\/div>\n\t\t\t\t<\/div>\n\t\t\t\t<\/div>\n\t\t<div class=\"elementor-element elementor-element-84b1e90 e-flex e-con-boxed e-con e-parent\" data-id=\"84b1e90\" data-element_type=\"container\" data-e-type=\"container\">\n\t\t\t\t\t<div class=\"e-con-inner\">\n\t\t\t\t<div class=\"elementor-element elementor-element-37eb6f6 elementor-widget elementor-widget-text-editor\" data-id=\"37eb6f6\" data-element_type=\"widget\" data-e-type=\"widget\" data-widget_type=\"text-editor.default\">\n\t\t\t\t<div class=\"elementor-widget-container\">\n\t\t\t\t\t\t\t\t\t<h4>1.\u00a0Pr\u00e9sentation du site<\/h4><p>En vertu des articles 6-III et 19 de la Loi n\u00b0 2004-575 du 21 juin 2004 pour la Confiance dans l\u2019\u00e9conomie num\u00e9rique, il est pr\u00e9cis\u00e9 aux utilisateurs du site https:\/\/www.laforgederohane.fr\/, ci-apr\u00e8s nomm\u00e9 \u00ab le site \u00bb les informations suivantes :<\/p><p>Informations l\u00e9gales :<\/p><p>Statut juridique : <b>SARL unipersonnelle<\/b><br \/>Nom de la Soci\u00e9t\u00e9 : <strong>LA FORGE DE ROHANE<\/strong><b><br \/><\/b>Adresse du si\u00e8ge social : <strong>Rue Rolland Moreno 79360 GRANZAY-GRIPT<\/strong><br \/>SIRET : <b>53094207700021<br \/><\/b>Adresse de courrier \u00e9lectronique : <b>laforgederohane@orange.fr<br \/><\/b>Capital social : <strong>7 500 \u20ac<\/strong><b><br \/><\/b>La Responsable de la publication est : <b>M Michael DUGLEUX<br \/><\/b>Contactez la responsable de la publication :\u00a0\u00a0<b>laforgederohane@orange.fr<\/b><\/p><p>Cr\u00e9ation :\u00a0<a href=\"https:\/\/www.naskigo.fr\/\">Agence web Naskigo \u2013 21 Chemin du Prieur\u00e9 \u2013 17000 LA ROCHELLE<\/a><br \/>L\u2019h\u00e9bergeur du site est : DATACAMPUS \u2013 35 rue du grand puits 79230 VOUILL\u00c9 \u2013 Tel. +33 516 640 075<\/p><h4>2. Conditions g\u00e9n\u00e9rales d\u2019utilisation du site et des services propos\u00e9s<\/h4><p>L\u2019utilisation du site implique l\u2019acceptation pleine et enti\u00e8re des conditions g\u00e9n\u00e9rales d\u2019utilisation d\u00e9crites ci-apr\u00e8s. Ces conditions d\u2019utilisation sont susceptibles d\u2019\u00eatre modifi\u00e9es ou compl\u00e9t\u00e9es \u00e0 tout moment, sans pr\u00e9avis, aussi les utilisateurs du site sont invit\u00e9s \u00e0 les consulter de mani\u00e8re r\u00e9guli\u00e8re. Le site est par principe accessible aux utilisateurs 24\/24h, 7\/7j, sauf interruption, programm\u00e9e ou non, pour les besoins de sa maintenance ou cas de force majeure. En cas d\u2019impossibilit\u00e9 d\u2019acc\u00e8s au service, le webmaster du site s\u2019engage \u00e0 faire son maximum afin de r\u00e9tablir l\u2019acc\u00e8s au service et s\u2019efforcera alors de communiquer pr\u00e9alablement aux utilisateurs les dates et heures de l\u2019intervention. N\u2019\u00e9tant soumis qu\u2019\u00e0 une obligation de moyen, le propri\u00e9taire du site ne saurait \u00eatre tenu pour responsable de tout dommage, quelle qu\u2019en soit la nature, r\u00e9sultant d\u2019une indisponibilit\u00e9 du service. Le site est mis \u00e0 jour r\u00e9guli\u00e8rement par le propri\u00e9taire du site. De la m\u00eame fa\u00e7on, les mentions l\u00e9gales peuvent \u00eatre modifi\u00e9es \u00e0 tout moment, sans pr\u00e9avis et s\u2019imposent \u00e0 l\u2019utilisateur sans r\u00e9serve. L\u2019utilisateur est r\u00e9put\u00e9 les accepter sans r\u00e9serve et s\u2019y r\u00e9f\u00e9rer r\u00e9guli\u00e8rement pour prendre connaissance des modifications. Le site se r\u00e9serve aussi le droit de c\u00e9der, transf\u00e9rer, ce sans pr\u00e9avis les droits et\/ou obligations des pr\u00e9sentes CGU et mentions l\u00e9gales. En continuant \u00e0 utiliser les Services du site, l\u2019utilisateur reconna\u00eet accepter les modifications des conditions g\u00e9n\u00e9rales qui seraient intervenues.<\/p><p><b style=\"color: var( --e-global-color-c903619 ); text-align: var(--text-align);\">\u00a0<\/b><\/p><h4>3. Description des services fournis<\/h4><p>Le site a pour objet de fournir une information concernant l\u2019ensemble des activit\u00e9s de la soci\u00e9t\u00e9.<\/p><p>Le propri\u00e9taire du site s\u2019efforce de fournir sur le site des informations aussi pr\u00e9cises que possible. Toutefois, il ne pourra \u00eatre tenue responsable des omissions, des inexactitudes et des carences dans la mise \u00e0 jour, qu\u2019elles soient de son fait ou du fait des tiers partenaires qui lui fournissent ces informations. Toutes les informations propos\u00e9es sur le site sont donn\u00e9es \u00e0 titre indicatif, sont non exhaustives, et sont susceptibles d\u2019\u00e9voluer. Elles sont donn\u00e9es sous r\u00e9serve de modifications ayant \u00e9t\u00e9 apport\u00e9es depuis leur mise en ligne.<\/p><p><b style=\"color: var( --e-global-color-c903619 ); text-align: var(--text-align);\">\u00a0<\/b><\/p><h4>4. Propri\u00e9t\u00e9 intellectuelle et contrefa\u00e7ons<\/h4><p>Le propri\u00e9taire du site est propri\u00e9taire des droits de propri\u00e9t\u00e9 intellectuelle ou d\u00e9tient les droits d\u2019usage sur tous les \u00e9l\u00e9ments accessibles sur le site, notamment les textes, images, graphismes, logo, ic\u00f4nes, sons, logiciels\u2026 Toute reproduction, repr\u00e9sentation, modification, publication, adaptation totale ou partielle des \u00e9l\u00e9ments du site, quel que soit le moyen ou le proc\u00e9d\u00e9 utilis\u00e9, est interdite, sauf autorisation \u00e9crite pr\u00e9alable \u00e0 l\u2019email\u00a0<span style=\"font-weight: bold;\">laforgederohane@orange.fr<\/span>. Toute exploitation non autoris\u00e9e du site ou de l\u2019un quelconque de ces \u00e9l\u00e9ments qu\u2019il contient sera consid\u00e9r\u00e9e comme constitutive d\u2019une contrefa\u00e7on et poursuivie conform\u00e9ment aux dispositions des articles L.335-2 et suivants du Code de Propri\u00e9t\u00e9 Intellectuelle.<\/p><p><b style=\"color: var( --e-global-color-c903619 ); text-align: var(--text-align);\">\u00a0<\/b><\/p><h4>5. Limites de responsabilit\u00e9<\/h4><p>Le propri\u00e9taire du site ne saurait \u00eatre tenu responsable des erreurs typographiques ou inexactitudes apparaissant sur le service, ou de quelque dommage subi r\u00e9sultant de son utilisation. L\u2019utilisateur reste responsable de son \u00e9quipement et de son utilisation, de m\u00eame il supporte seul les co\u00fbts directs ou indirects suite \u00e0 sa connexion \u00e0 Internet. L\u2019utilisateur du site s\u2019engage \u00e0 acc\u00e9der \u00e0 celui-ci en utilisant un mat\u00e9riel r\u00e9cent, ne contenant pas de virus et avec un navigateur de derni\u00e8re g\u00e9n\u00e9ration mise \u00e0 jour. L\u2019utilisateur d\u00e9gage la responsabilit\u00e9 du propri\u00e9taire du site pour tout pr\u00e9judice qu\u2019il pourrait subir ou faire subir, directement ou indirectement, du fait des services propos\u00e9s. Seule la responsabilit\u00e9 de l\u2019utilisateur est engag\u00e9e par l\u2019utilisation du service propos\u00e9 et celui-ci d\u00e9gage express\u00e9ment le propri\u00e9taire du site de toute responsabilit\u00e9 vis-\u00e0-vis de tiers.<\/p><p>Le propri\u00e9taire du site se r\u00e9serve la possibilit\u00e9 de mettre en cause la responsabilit\u00e9 civile et\/ou p\u00e9nale de l\u2019utilisateur, notamment en cas de message \u00e0 caract\u00e8re raciste, injurieux, diffamant, ou pornographique, quel que soit le support utilis\u00e9 (texte, photographie\u2026). Il est ici rappel\u00e9 que les d\u00e9veloppeurs du site gardent trace de l\u2019adresse mail, et de l\u2019adresse IP de l\u2019utilisateur. En cons\u00e9quence, il doit \u00eatre conscient qu\u2019en cas d\u2019injonction de l\u2019autorit\u00e9 judiciaire il peut \u00eatre retrouv\u00e9 et poursuivi.<\/p><p><b style=\"color: var( --e-global-color-c903619 ); text-align: var(--text-align);\">\u00a0<\/b><\/p><h4>6. Liens hypertextes et cookies<\/h4><p>Le site contient un certain nombre de liens hypertextes vers d\u2019autres sites (partenaires, informations \u2026) mis en place avec l\u2019autorisation du propri\u00e9taire du site. Cependant, le propri\u00e9taire du site n\u2019a pas la possibilit\u00e9 de v\u00e9rifier le contenu des sites ainsi visit\u00e9s et d\u00e9cline donc toute responsabilit\u00e9 de ce fait quand aux risques \u00e9ventuels de contenus illicites. L\u2019utilisateur est inform\u00e9 que lors de ses visites sur le site un ou des cookies sont susceptibles de s\u2019installer automatiquement sur son ordinateur. Un cookie est un fichier de petite taille, qui ne permet pas l\u2019identification de l\u2019utilisateur, mais qui enregistre des informations relatives \u00e0 la navigation d\u2019un ordinateur sur un site. Les donn\u00e9es ainsi obtenues visent \u00e0 faciliter la navigation ult\u00e9rieure sur le site, et ont \u00e9galement vocation \u00e0 permettre diverses mesures de fr\u00e9quentation.<\/p><p>Le param\u00e9trage du logiciel de navigation permet d\u2019informer de la pr\u00e9sence de cookie et \u00e9ventuellement, de refuser de la mani\u00e8re d\u00e9crite \u00e0 l\u2019adresse suivante : https:\/\/www.cnil.fr<\/p><p>Le refus d\u2019installation d\u2019un cookie peut entra\u00eener l\u2019impossibilit\u00e9 d\u2019acc\u00e9der \u00e0 certains services. L\u2019utilisateur peut toutefois configurer son ordinateur de la mani\u00e8re suivante, pour refuser l\u2019installation des cookies :<\/p><p>Sous Internet Explorer : onglet outil \/ options internet. Cliquez sur Confidentialit\u00e9 et choisissez Bloquer tous les cookies. Validez sur Ok.<br \/>Sous Firefox : onglet outil \/ options \/ vie Priv\u00e9e. Dans la partie Historique, choisissez \u00ab utiliser les param\u00e8tres personnalis\u00e9s pour l\u2019historique \u00bb puis d\u00e9cochez \u00ab accepter les cookies \u00bb. Validez sur OK<br \/>Sous Chrome : Menu Google Chrome \/ Param\u00e8tres \/ Afficher les param\u00e8tres avanc\u00e9s en bas de page \/ Cliquer sur \u00bb param\u00e8tres de contenue \u00bb \/ cocher : Bloquer tous les cookies tiers sans exception. Validez sur Ok<\/p><p><b style=\"color: var( --e-global-color-c903619 ); text-align: var(--text-align);\">\u00a0<\/b><\/p><h4>7. Droit applicable et attribution de juridiction<\/h4><p>Tout litige en relation avec l\u2019utilisation du site est soumis au droit fran\u00e7ais. L\u2019utilisateur ainsi que le propri\u00e9taire du site acceptent de se soumettre \u00e0 la comp\u00e9tence exclusive des tribunaux Fran\u00e7ais en cas de litige.<\/p><p><b style=\"color: var( --e-global-color-c903619 ); text-align: var(--text-align);\">\u00a0<\/b><\/p><h4>8. Protection des biens et des personnes \u2013 gestion des donn\u00e9es personnelles<\/h4><p>En France, les donn\u00e9es personnelles sont notamment prot\u00e9g\u00e9es par la loi n\u00b0 78-87 du 6 janvier 1978, la loi n\u00b0 2004-801 du 6 ao\u00fbt 2004, l\u2019article L. 226-13 du Code p\u00e9nal et la Directive Europ\u00e9enne du 24 octobre 1995.<\/p><p>Le propri\u00e9taire du site ne collecte sur ce site des informations personnelles relatives \u00e0 l\u2019utilisateur que pour le besoin de certains services propos\u00e9s par le site. L\u2019utilisateur fournit ces informations en toute connaissance de cause, notamment lorsqu\u2019il proc\u00e8de par lui-m\u00eame \u00e0 leur saisie. Il est alors pr\u00e9cis\u00e9 \u00e0 l\u2019utilisateur du site l\u2019obligation ou non de fournir ces informations. Conform\u00e9ment aux dispositions des articles 38 et suivants de la loi 78-17 du 6 janvier 1978 relative \u00e0 l\u2019informatique, aux fichiers et aux libert\u00e9s, tout utilisateur dispose d\u2019un droit d\u2019acc\u00e8s, de rectification, de suppression et d\u2019opposition aux donn\u00e9es personnelles le concernant. Pour l\u2019exercer, adressez votre demande au propri\u00e9taire du site par email :\u00a0<span style=\"font-weight: bold;\">laforgederohane@orange.fr<\/span>\u00a0ou en effectuant sa demande \u00e9crite et sign\u00e9e, accompagn\u00e9e d\u2019une copie du titre d\u2019identit\u00e9 avec signature du titulaire de la pi\u00e8ce, en pr\u00e9cisant l\u2019adresse \u00e0 laquelle la r\u00e9ponse doit \u00eatre envoy\u00e9e.<\/p><p>Aucune information personnelle de l\u2019utilisateur du site n\u2019est publi\u00e9e \u00e0 l\u2019insu de l\u2019utilisateur, \u00e9chang\u00e9e, transf\u00e9r\u00e9e, c\u00e9d\u00e9e ou vendue sur un support quelconque \u00e0 des tiers. Seule l\u2019hypoth\u00e8se du rachat du site au propri\u00e9taire du site et de ses droits permettrait la transmission des dites informations \u00e0 l\u2019\u00e9ventuel acqu\u00e9reur qui serait \u00e0 son tour tenu de la m\u00eame obligation de conservation et de modification des donn\u00e9es vis-\u00e0-vis de l\u2019utilisateur du site.<\/p><p>Les bases de donn\u00e9es sont prot\u00e9g\u00e9es par les dispositions de la loi du 1er juillet 1998 transposant la directive 96\/9 du 11 mars 1996 relative \u00e0 la protection juridique des bases de donn\u00e9es.<\/p>\t\t\t\t\t\t\t\t<\/div>\n\t\t\t\t<\/div>\n\t\t\t\t\t<\/div>\n\t\t\t\t<\/div>\n\t\t\t\t<\/div>\n\t\t\t\t<\/div>\n\t\t","protected":false},"excerpt":{"rendered":"","protected":false},"author":1,"featured_media":0,"parent":0,"menu_order":0,"comment_status":"closed","ping_status":"closed","template":"","meta":{"_acf_changed":false,"footnotes":""},"class_list":["post-3787","page","type-page","status-publish","hentry"],"acf":[],"yoast_head":"<title>Legal Notice - La Forge de Rohane<\/title>\n<meta name=\"robots\" content=\"index, follow, max-snippet:-1, max-image-preview:large, max-video-preview:-1\" \/>\n<link rel=\"canonical\" href=\"https:\/\/www.laforgederohane.fr\/en\/legal-notice-2\/\" \/>\n<meta property=\"og:locale\" content=\"en_US\" \/>\n<meta property=\"og:type\" content=\"article\" \/>\n<meta property=\"og:title\" content=\"Legal Notice - La Forge de Rohane\" \/>\n<meta property=\"og:url\" content=\"https:\/\/www.laforgederohane.fr\/en\/legal-notice-2\/\" \/>\n<meta property=\"og:site_name\" content=\"La Forge de Rohane\" \/>\n<meta property=\"article:modified_time\" content=\"2023-09-01T07:41:15+00:00\" \/>\n<meta name=\"twitter:card\" content=\"summary_large_image\" \/>\n<script type=\"application\/ld+json\" class=\"yoast-schema-graph\">{\"@context\":\"https:\\\/\\\/schema.org\",\"@graph\":[{\"@type\":\"WebPage\",\"@id\":\"https:\\\/\\\/www.laforgederohane.fr\\\/en\\\/legal-notice-2\\\/\",\"url\":\"https:\\\/\\\/www.laforgederohane.fr\\\/en\\\/legal-notice-2\\\/\",\"name\":\"Legal Notice - La Forge de Rohane\",\"isPartOf\":{\"@id\":\"https:\\\/\\\/www.laforgederohane.fr\\\/#website\"},\"datePublished\":\"2023-05-15T13:35:14+00:00\",\"dateModified\":\"2023-09-01T07:41:15+00:00\",\"breadcrumb\":{\"@id\":\"https:\\\/\\\/www.laforgederohane.fr\\\/en\\\/legal-notice-2\\\/#breadcrumb\"},\"inLanguage\":\"en-US\",\"potentialAction\":[{\"@type\":\"ReadAction\",\"target\":[\"https:\\\/\\\/www.laforgederohane.fr\\\/en\\\/legal-notice-2\\\/\"]}]},{\"@type\":\"BreadcrumbList\",\"@id\":\"https:\\\/\\\/www.laforgederohane.fr\\\/en\\\/legal-notice-2\\\/#breadcrumb\",\"itemListElement\":[{\"@type\":\"ListItem\",\"position\":1,\"name\":\"Accueil\",\"item\":\"https:\\\/\\\/www.laforgederohane.fr\\\/en\\\/\"},{\"@type\":\"ListItem\",\"position\":2,\"name\":\"Legal Notice\"}]},{\"@type\":\"WebSite\",\"@id\":\"https:\\\/\\\/www.laforgederohane.fr\\\/#website\",\"url\":\"https:\\\/\\\/www.laforgederohane.fr\\\/\",\"name\":\"La Forge de Rohane\",\"description\":\"Ferronnerie d&#039;art traditionnelle et contemporaine\",\"publisher\":{\"@id\":\"https:\\\/\\\/www.laforgederohane.fr\\\/#organization\"},\"potentialAction\":[{\"@type\":\"SearchAction\",\"target\":{\"@type\":\"EntryPoint\",\"urlTemplate\":\"https:\\\/\\\/www.laforgederohane.fr\\\/?s={search_term_string}\"},\"query-input\":{\"@type\":\"PropertyValueSpecification\",\"valueRequired\":true,\"valueName\":\"search_term_string\"}}],\"inLanguage\":\"en-US\"},{\"@type\":\"Organization\",\"@id\":\"https:\\\/\\\/www.laforgederohane.fr\\\/#organization\",\"name\":\"La Forge de Rohane\",\"url\":\"https:\\\/\\\/www.laforgederohane.fr\\\/\",\"logo\":{\"@type\":\"ImageObject\",\"inLanguage\":\"en-US\",\"@id\":\"https:\\\/\\\/www.laforgederohane.fr\\\/#\\\/schema\\\/logo\\\/image\\\/\",\"url\":\"https:\\\/\\\/www.laforgederohane.fr\\\/wp-content\\\/uploads\\\/2023\\\/04\\\/logo-footer.png\",\"contentUrl\":\"https:\\\/\\\/www.laforgederohane.fr\\\/wp-content\\\/uploads\\\/2023\\\/04\\\/logo-footer.png\",\"width\":248,\"height\":148,\"caption\":\"La Forge de Rohane\"},\"image\":{\"@id\":\"https:\\\/\\\/www.laforgederohane.fr\\\/#\\\/schema\\\/logo\\\/image\\\/\"}}]}<\/script>","yoast_head_json":{"title":"Legal Notice - La Forge de Rohane","robots":{"index":"index","follow":"follow","max-snippet":"max-snippet:-1","max-image-preview":"max-image-preview:large","max-video-preview":"max-video-preview:-1"},"canonical":"https:\/\/www.laforgederohane.fr\/en\/legal-notice-2\/","og_locale":"en_US","og_type":"article","og_title":"Legal Notice - La Forge de Rohane","og_url":"https:\/\/www.laforgederohane.fr\/en\/legal-notice-2\/","og_site_name":"La Forge de Rohane","article_modified_time":"2023-09-01T07:41:15+00:00","twitter_card":"summary_large_image","schema":{"@context":"https:\/\/schema.org","@graph":[{"@type":"WebPage","@id":"https:\/\/www.laforgederohane.fr\/en\/legal-notice-2\/","url":"https:\/\/www.laforgederohane.fr\/en\/legal-notice-2\/","name":"Legal Notice - La Forge de Rohane","isPartOf":{"@id":"https:\/\/www.laforgederohane.fr\/#website"},"datePublished":"2023-05-15T13:35:14+00:00","dateModified":"2023-09-01T07:41:15+00:00","breadcrumb":{"@id":"https:\/\/www.laforgederohane.fr\/en\/legal-notice-2\/#breadcrumb"},"inLanguage":"en-US","potentialAction":[{"@type":"ReadAction","target":["https:\/\/www.laforgederohane.fr\/en\/legal-notice-2\/"]}]},{"@type":"BreadcrumbList","@id":"https:\/\/www.laforgederohane.fr\/en\/legal-notice-2\/#breadcrumb","itemListElement":[{"@type":"ListItem","position":1,"name":"Accueil","item":"https:\/\/www.laforgederohane.fr\/en\/"},{"@type":"ListItem","position":2,"name":"Legal Notice"}]},{"@type":"WebSite","@id":"https:\/\/www.laforgederohane.fr\/#website","url":"https:\/\/www.laforgederohane.fr\/","name":"La Forge de Rohane","description":"Ferronnerie d&#039;art traditionnelle et contemporaine","publisher":{"@id":"https:\/\/www.laforgederohane.fr\/#organization"},"potentialAction":[{"@type":"SearchAction","target":{"@type":"EntryPoint","urlTemplate":"https:\/\/www.laforgederohane.fr\/?s={search_term_string}"},"query-input":{"@type":"PropertyValueSpecification","valueRequired":true,"valueName":"search_term_string"}}],"inLanguage":"en-US"},{"@type":"Organization","@id":"https:\/\/www.laforgederohane.fr\/#organization","name":"La Forge de Rohane","url":"https:\/\/www.laforgederohane.fr\/","logo":{"@type":"ImageObject","inLanguage":"en-US","@id":"https:\/\/www.laforgederohane.fr\/#\/schema\/logo\/image\/","url":"https:\/\/www.laforgederohane.fr\/wp-content\/uploads\/2023\/04\/logo-footer.png","contentUrl":"https:\/\/www.laforgederohane.fr\/wp-content\/uploads\/2023\/04\/logo-footer.png","width":248,"height":148,"caption":"La Forge de Rohane"},"image":{"@id":"https:\/\/www.laforgederohane.fr\/#\/schema\/logo\/image\/"}}]}},"_links":{"self":[{"href":"https:\/\/www.laforgederohane.fr\/en\/wp-json\/wp\/v2\/pages\/3787","targetHints":{"allow":["GET"]}}],"collection":[{"href":"https:\/\/www.laforgederohane.fr\/en\/wp-json\/wp\/v2\/pages"}],"about":[{"href":"https:\/\/www.laforgederohane.fr\/en\/wp-json\/wp\/v2\/types\/page"}],"author":[{"embeddable":true,"href":"https:\/\/www.laforgederohane.fr\/en\/wp-json\/wp\/v2\/users\/1"}],"replies":[{"embeddable":true,"href":"https:\/\/www.laforgederohane.fr\/en\/wp-json\/wp\/v2\/comments?post=3787"}],"version-history":[{"count":1,"href":"https:\/\/www.laforgederohane.fr\/en\/wp-json\/wp\/v2\/pages\/3787\/revisions"}],"predecessor-version":[{"id":3788,"href":"https:\/\/www.laforgederohane.fr\/en\/wp-json\/wp\/v2\/pages\/3787\/revisions\/3788"}],"wp:attachment":[{"href":"https:\/\/www.laforgederohane.fr\/en\/wp-json\/wp\/v2\/media?parent=3787"}],"curies":[{"name":"wp","href":"https:\/\/api.w.org\/{rel}","templated":true}]}}